{"id":491,"date":"2025-01-14T09:47:54","date_gmt":"2025-01-14T08:47:54","guid":{"rendered":"https:\/\/www.holafrida-film.com\/film\/"},"modified":"2025-04-07T17:23:33","modified_gmt":"2025-04-07T15:23:33","slug":"film","status":"publish","type":"page","link":"https:\/\/www.holafrida-film.com\/qc\/film\/","title":{"rendered":"Le film"},"content":{"rendered":"<p>Nous \u201cfr\u00e9quentons\u201d, admirons et respectons profond\u00e9ment l\u2019artiste <strong>Frida Kahlo<\/strong> depuis longtemps. Alors qu\u2019elle est devenue au fil du temps une ic\u00f4ne voire m\u00eame une image de marque, le fait qu\u2019elle soit une femme artiste, f\u00e9ministe, pionni\u00e8re et un mod\u00e8le hors norme nous int\u00e9resse au plus haut point.<\/p>\n<p>L\u2019id\u00e9e de faire un film d\u2019animation librement inspir\u00e9 de sa vie et plus sp\u00e9cifiquement sous l\u2019angle de sa jeunesse, en adaptant le livre <em><strong>Frida, c\u2019est moi<\/strong><\/em> de <strong>Sophie Faucher<\/strong> (texte) et <strong>Cara Carmina<\/strong> (illustrations), nous est apparue comme une opportunit\u00e9 exceptionnelle pour aborder les th\u00e8mes de la diff\u00e9rence et de la r\u00e9silience.<\/p>\n<p>Le film met en lumi\u00e8re la puissance salvatrice de la cr\u00e9ation et de l\u2019art. L\u2019art qui gu\u00e9rit, l\u2019art qui lib\u00e8re, l\u2019art qui \u00e9l\u00e8ve. <em><strong>\u201cJe n\u2019ai jamais peint de r\u00eaves\u201d<\/strong><\/em>, disait Frida. <em><strong>\u201cCe que j\u2019ai repr\u00e9sent\u00e9 \u00e9tait ma r\u00e9alit\u00e9\u201d<\/strong><\/em>.<\/p>\n<p><strong>Frida Kahlo<\/strong> laisse sa marque \u00e0 travers les g\u00e9n\u00e9rations et a aujourd\u2019hui encore beaucoup \u00e0 transmettre.<\/p>\n","protected":false},"excerpt":{"rendered":"<p>Nous \u201cfr\u00e9quentons\u201d, admirons et respectons profond\u00e9ment l\u2019artiste Frida Kahlo depuis longtemps. Alors qu\u2019elle est devenue au fil du temps une ic\u00f4ne voire m\u00eame une image de marque, le fait qu\u2019elle soit une femme artiste, f\u00e9ministe, pionni\u00e8re et un mod\u00e8le hors norme nous int\u00e9resse au plus haut point. L\u2019id\u00e9e de faire un film d\u2019animation librement inspir\u00e9 &hellip; <\/p>\n<p class=\"link-more\"><a href=\"https:\/\/www.holafrida-film.com\/qc\/film\/\" class=\"more-link\">Continue reading<span class=\"screen-reader-text\"> &#8220;Le film&#8221;<\/span><\/a><\/p>\n","protected":false},"author":1,"featured_media":0,"parent":0,"menu_order":7,"comment_status":"closed","ping_status":"closed","template":"page-film.php","meta":{"_acf_changed":false,"inline_featured_image":false,"_monsterinsights_skip_tracking":false,"_monsterinsights_sitenote_active":false,"_monsterinsights_sitenote_note":"","_monsterinsights_sitenote_category":0,"footnotes":""},"class_list":["post-491","page","type-page","status-publish","hentry"],"acf":[],"yoast_head":"<!-- This site is optimized with the Yoast SEO plugin v24.2 - https:\/\/yoast.com\/wordpress\/plugins\/seo\/ -->\n<title>Le film - Hola Frida<\/title>\n<meta name=\"robots\" content=\"index, follow, max-snippet:-1, max-image-preview:large, max-video-preview:-1\" \/>\n<link rel=\"canonical\" href=\"https:\/\/www.holafrida-film.com\/qc\/film\/\" \/>\n<meta property=\"og:locale\" content=\"fr_FR\" \/>\n<meta property=\"og:type\" content=\"article\" \/>\n<meta property=\"og:title\" content=\"Le film - Hola Frida\" \/>\n<meta property=\"og:description\" content=\"Nous \u201cfr\u00e9quentons\u201d, admirons et respectons profond\u00e9ment l\u2019artiste Frida Kahlo depuis longtemps. Alors qu\u2019elle est devenue au fil du temps une ic\u00f4ne voire m\u00eame une image de marque, le fait qu\u2019elle soit une femme artiste, f\u00e9ministe, pionni\u00e8re et un mod\u00e8le hors norme nous int\u00e9resse au plus haut point. L\u2019id\u00e9e de faire un film d\u2019animation librement inspir\u00e9 &hellip; Continue reading &quot;Le film&quot;\" \/>\n<meta property=\"og:url\" content=\"https:\/\/www.holafrida-film.com\/qc\/film\/\" \/>\n<meta property=\"og:site_name\" content=\"Hola Frida\" \/>\n<meta property=\"article:modified_time\" content=\"2025-04-07T15:23:33+00:00\" \/>\n<meta property=\"og:image\" content=\"https:\/\/www.holafrida-film.com\/wp-content\/uploads\/2025\/01\/default.jpg\" \/>\n\t<meta property=\"og:image:width\" content=\"1500\" \/>\n\t<meta property=\"og:image:height\" content=\"788\" \/>\n\t<meta property=\"og:image:type\" content=\"image\/jpeg\" \/>\n<meta name=\"twitter:card\" content=\"summary_large_image\" \/>\n<meta name=\"twitter:label1\" content=\"Est. reading time\" \/>\n\t<meta name=\"twitter:data1\" content=\"14 minutes\" \/>\n<script type=\"application\/ld+json\" class=\"yoast-schema-graph\">{\"@context\":\"https:\/\/schema.org\",\"@graph\":[{\"@type\":\"WebPage\",\"@id\":\"https:\/\/www.holafrida-film.com\/qc\/film\/\",\"url\":\"https:\/\/www.holafrida-film.com\/qc\/film\/\",\"name\":\"Le film - Hola Frida\",\"isPartOf\":{\"@id\":\"https:\/\/www.holafrida-film.com\/qc\/#website\"},\"datePublished\":\"2025-01-14T08:47:54+00:00\",\"dateModified\":\"2025-04-07T15:23:33+00:00\",\"breadcrumb\":{\"@id\":\"https:\/\/www.holafrida-film.com\/qc\/film\/#breadcrumb\"},\"inLanguage\":\"fr-QC\",\"potentialAction\":[{\"@type\":\"ReadAction\",\"target\":[\"https:\/\/www.holafrida-film.com\/qc\/film\/\"]}]},{\"@type\":\"BreadcrumbList\",\"@id\":\"https:\/\/www.holafrida-film.com\/qc\/film\/#breadcrumb\",\"itemListElement\":[{\"@type\":\"ListItem\",\"position\":1,\"name\":\"Accueil\",\"item\":\"https:\/\/www.holafrida-film.com\/qc\/\"},{\"@type\":\"ListItem\",\"position\":2,\"name\":\"Le film\"}]},{\"@type\":\"WebSite\",\"@id\":\"https:\/\/www.holafrida-film.com\/qc\/#website\",\"url\":\"https:\/\/www.holafrida-film.com\/qc\/\",\"name\":\"Hola Frida\",\"description\":\"Campagne d&#039;impact\",\"potentialAction\":[{\"@type\":\"SearchAction\",\"target\":{\"@type\":\"EntryPoint\",\"urlTemplate\":\"https:\/\/www.holafrida-film.com\/qc\/?s={search_term_string}\"},\"query-input\":{\"@type\":\"PropertyValueSpecification\",\"valueRequired\":true,\"valueName\":\"search_term_string\"}}],\"inLanguage\":\"fr-QC\"}]}<\/script>\n<!-- \/ Yoast SEO plugin. -->","yoast_head_json":{"title":"Le film - Hola Frida","robots":{"index":"index","follow":"follow","max-snippet":"max-snippet:-1","max-image-preview":"max-image-preview:large","max-video-preview":"max-video-preview:-1"},"canonical":"https:\/\/www.holafrida-film.com\/qc\/film\/","og_locale":"fr_FR","og_type":"article","og_title":"Le film - Hola Frida","og_description":"Nous \u201cfr\u00e9quentons\u201d, admirons et respectons profond\u00e9ment l\u2019artiste Frida Kahlo depuis longtemps. Alors qu\u2019elle est devenue au fil du temps une ic\u00f4ne voire m\u00eame une image de marque, le fait qu\u2019elle soit une femme artiste, f\u00e9ministe, pionni\u00e8re et un mod\u00e8le hors norme nous int\u00e9resse au plus haut point. L\u2019id\u00e9e de faire un film d\u2019animation librement inspir\u00e9 &hellip; Continue reading \"Le film\"","og_url":"https:\/\/www.holafrida-film.com\/qc\/film\/","og_site_name":"Hola Frida","article_modified_time":"2025-04-07T15:23:33+00:00","og_image":[{"width":1500,"height":788,"url":"https:\/\/www.holafrida-film.com\/wp-content\/uploads\/2025\/01\/default.jpg","type":"image\/jpeg"}],"twitter_card":"summary_large_image","twitter_misc":{"Est. reading time":"14 minutes"},"schema":{"@context":"https:\/\/schema.org","@graph":[{"@type":"WebPage","@id":"https:\/\/www.holafrida-film.com\/qc\/film\/","url":"https:\/\/www.holafrida-film.com\/qc\/film\/","name":"Le film - Hola Frida","isPartOf":{"@id":"https:\/\/www.holafrida-film.com\/qc\/#website"},"datePublished":"2025-01-14T08:47:54+00:00","dateModified":"2025-04-07T15:23:33+00:00","breadcrumb":{"@id":"https:\/\/www.holafrida-film.com\/qc\/film\/#breadcrumb"},"inLanguage":"fr-QC","potentialAction":[{"@type":"ReadAction","target":["https:\/\/www.holafrida-film.com\/qc\/film\/"]}]},{"@type":"BreadcrumbList","@id":"https:\/\/www.holafrida-film.com\/qc\/film\/#breadcrumb","itemListElement":[{"@type":"ListItem","position":1,"name":"Accueil","item":"https:\/\/www.holafrida-film.com\/qc\/"},{"@type":"ListItem","position":2,"name":"Le film"}]},{"@type":"WebSite","@id":"https:\/\/www.holafrida-film.com\/qc\/#website","url":"https:\/\/www.holafrida-film.com\/qc\/","name":"Hola Frida","description":"Campagne d&#039;impact","potentialAction":[{"@type":"SearchAction","target":{"@type":"EntryPoint","urlTemplate":"https:\/\/www.holafrida-film.com\/qc\/?s={search_term_string}"},"query-input":{"@type":"PropertyValueSpecification","valueRequired":true,"valueName":"search_term_string"}}],"inLanguage":"fr-QC"}]}},"_links":{"self":[{"href":"https:\/\/www.holafrida-film.com\/qc\/wp-json\/wp\/v2\/pages\/491","targetHints":{"allow":["GET"]}}],"collection":[{"href":"https:\/\/www.holafrida-film.com\/qc\/wp-json\/wp\/v2\/pages"}],"about":[{"href":"https:\/\/www.holafrida-film.com\/qc\/wp-json\/wp\/v2\/types\/page"}],"author":[{"embeddable":true,"href":"https:\/\/www.holafrida-film.com\/qc\/wp-json\/wp\/v2\/users\/1"}],"replies":[{"embeddable":true,"href":"https:\/\/www.holafrida-film.com\/qc\/wp-json\/wp\/v2\/comments?post=491"}],"version-history":[{"count":4,"href":"https:\/\/www.holafrida-film.com\/qc\/wp-json\/wp\/v2\/pages\/491\/revisions"}],"predecessor-version":[{"id":1143,"href":"https:\/\/www.holafrida-film.com\/qc\/wp-json\/wp\/v2\/pages\/491\/revisions\/1143"}],"wp:attachment":[{"href":"https:\/\/www.holafrida-film.com\/qc\/wp-json\/wp\/v2\/media?parent=491"}],"curies":[{"name":"wp","href":"https:\/\/api.w.org\/{rel}","templated":true}]}}