{"id":476,"date":"2025-01-14T09:47:54","date_gmt":"2025-01-14T08:47:54","guid":{"rendered":"https:\/\/www.holafrida-film.com\/film\/"},"modified":"2025-03-25T11:26:30","modified_gmt":"2025-03-25T10:26:30","slug":"pelicula","status":"publish","type":"page","link":"https:\/\/www.holafrida-film.com\/es\/pelicula\/","title":{"rendered":"Pel\u00edcula"},"content":{"rendered":"<p>Hace tiempo que \u00absalimos\u00bb, admiramos y respetamos profundamente a la artista Frida Kahlo. Aunque a lo largo de los a\u00f1os se ha convertido en un icono e incluso en una imagen de marca, el hecho de que sea una mujer artista, feminista, pionera y un extraordinario modelo a seguir nos interesa sobremanera.<\/p>\n<p>La idea de hacer una pel\u00edcula de animaci\u00f3n inspirada libremente en su vida, y m\u00e1s concretamente desde el \u00e1ngulo de su juventud, adaptando el libro \u00abFrida, c&#8217;est moi\u00bb de Sophie Faucher (texto) y Cara Carmina (ilustraciones), nos pareci\u00f3 una oportunidad excepcional para abordar los temas de la diferencia y la resiliencia.<\/p>\n<p>La pel\u00edcula pone de relieve el poder salvador de la imaginaci\u00f3n, la creaci\u00f3n y el arte. Arte que cura, arte que libera, arte que eleva. Nunca pint\u00e9 sue\u00f1os\u00bb, dec\u00eda Frida. Lo que representaba era mi realidad\u00bb.<\/p>\n<p>Frida Kahlo ha dejado su huella a lo largo de generaciones, y a\u00fan hoy tiene mucho que transmitir.<\/p>\n","protected":false},"excerpt":{"rendered":"<p>Hace tiempo que \u00absalimos\u00bb, admiramos y respetamos profundamente a la artista Frida Kahlo. Aunque a lo largo de los a\u00f1os se ha convertido en un icono e incluso en una imagen de marca, el hecho de que sea una mujer artista, feminista, pionera y un extraordinario modelo a seguir nos interesa sobremanera. La idea de &hellip; <\/p>\n<p class=\"link-more\"><a href=\"https:\/\/www.holafrida-film.com\/es\/pelicula\/\" class=\"more-link\">Continue reading<span class=\"screen-reader-text\"> \u00abPel\u00edcula\u00bb<\/span><\/a><\/p>\n","protected":false},"author":1,"featured_media":0,"parent":0,"menu_order":7,"comment_status":"closed","ping_status":"closed","template":"page-film.php","meta":{"_acf_changed":false,"inline_featured_image":false,"_monsterinsights_skip_tracking":false,"_monsterinsights_sitenote_active":false,"_monsterinsights_sitenote_note":"","_monsterinsights_sitenote_category":0,"footnotes":""},"class_list":["post-476","page","type-page","status-publish","hentry"],"acf":[],"yoast_head":"<!-- This site is optimized with the Yoast SEO plugin v24.2 - https:\/\/yoast.com\/wordpress\/plugins\/seo\/ -->\n<title>Pel\u00edcula - Hola Frida<\/title>\n<meta name=\"robots\" content=\"index, follow, max-snippet:-1, max-image-preview:large, max-video-preview:-1\" \/>\n<link rel=\"canonical\" href=\"https:\/\/www.holafrida-film.com\/es\/pelicula\/\" \/>\n<meta property=\"og:locale\" content=\"es_ES\" \/>\n<meta property=\"og:type\" content=\"article\" \/>\n<meta property=\"og:title\" content=\"Pel\u00edcula - Hola Frida\" \/>\n<meta property=\"og:description\" content=\"Hace tiempo que \u00absalimos\u00bb, admiramos y respetamos profundamente a la artista Frida Kahlo. Aunque a lo largo de los a\u00f1os se ha convertido en un icono e incluso en una imagen de marca, el hecho de que sea una mujer artista, feminista, pionera y un extraordinario modelo a seguir nos interesa sobremanera. La idea de &hellip; Continue reading &quot;Pel\u00edcula&quot;\" \/>\n<meta property=\"og:url\" content=\"https:\/\/www.holafrida-film.com\/es\/pelicula\/\" \/>\n<meta property=\"og:site_name\" content=\"Hola Frida\" \/>\n<meta property=\"article:modified_time\" content=\"2025-03-25T10:26:30+00:00\" \/>\n<meta property=\"og:image\" content=\"https:\/\/www.holafrida-film.com\/wp-content\/uploads\/2025\/01\/default.jpg\" \/>\n\t<meta property=\"og:image:width\" content=\"1500\" \/>\n\t<meta property=\"og:image:height\" content=\"788\" \/>\n\t<meta property=\"og:image:type\" content=\"image\/jpeg\" \/>\n<meta name=\"twitter:card\" content=\"summary_large_image\" \/>\n<meta name=\"twitter:label1\" content=\"Tiempo de lectura\" \/>\n\t<meta name=\"twitter:data1\" content=\"13 minutos\" \/>\n<script type=\"application\/ld+json\" class=\"yoast-schema-graph\">{\"@context\":\"https:\/\/schema.org\",\"@graph\":[{\"@type\":\"WebPage\",\"@id\":\"https:\/\/www.holafrida-film.com\/es\/pelicula\/\",\"url\":\"https:\/\/www.holafrida-film.com\/es\/pelicula\/\",\"name\":\"Pel\u00edcula - Hola Frida\",\"isPartOf\":{\"@id\":\"https:\/\/www.holafrida-film.com\/es\/#website\"},\"datePublished\":\"2025-01-14T08:47:54+00:00\",\"dateModified\":\"2025-03-25T10:26:30+00:00\",\"breadcrumb\":{\"@id\":\"https:\/\/www.holafrida-film.com\/es\/pelicula\/#breadcrumb\"},\"inLanguage\":\"es\",\"potentialAction\":[{\"@type\":\"ReadAction\",\"target\":[\"https:\/\/www.holafrida-film.com\/es\/pelicula\/\"]}]},{\"@type\":\"BreadcrumbList\",\"@id\":\"https:\/\/www.holafrida-film.com\/es\/pelicula\/#breadcrumb\",\"itemListElement\":[{\"@type\":\"ListItem\",\"position\":1,\"name\":\"Accueil\",\"item\":\"https:\/\/www.holafrida-film.com\/es\/\"},{\"@type\":\"ListItem\",\"position\":2,\"name\":\"Pel\u00edcula\"}]},{\"@type\":\"WebSite\",\"@id\":\"https:\/\/www.holafrida-film.com\/es\/#website\",\"url\":\"https:\/\/www.holafrida-film.com\/es\/\",\"name\":\"Hola Frida\",\"description\":\"Campagne d&#039;impact\",\"potentialAction\":[{\"@type\":\"SearchAction\",\"target\":{\"@type\":\"EntryPoint\",\"urlTemplate\":\"https:\/\/www.holafrida-film.com\/es\/?s={search_term_string}\"},\"query-input\":{\"@type\":\"PropertyValueSpecification\",\"valueRequired\":true,\"valueName\":\"search_term_string\"}}],\"inLanguage\":\"es\"}]}<\/script>\n<!-- \/ Yoast SEO plugin. -->","yoast_head_json":{"title":"Pel\u00edcula - Hola Frida","robots":{"index":"index","follow":"follow","max-snippet":"max-snippet:-1","max-image-preview":"max-image-preview:large","max-video-preview":"max-video-preview:-1"},"canonical":"https:\/\/www.holafrida-film.com\/es\/pelicula\/","og_locale":"es_ES","og_type":"article","og_title":"Pel\u00edcula - Hola Frida","og_description":"Hace tiempo que \u00absalimos\u00bb, admiramos y respetamos profundamente a la artista Frida Kahlo. Aunque a lo largo de los a\u00f1os se ha convertido en un icono e incluso en una imagen de marca, el hecho de que sea una mujer artista, feminista, pionera y un extraordinario modelo a seguir nos interesa sobremanera. La idea de &hellip; Continue reading \"Pel\u00edcula\"","og_url":"https:\/\/www.holafrida-film.com\/es\/pelicula\/","og_site_name":"Hola Frida","article_modified_time":"2025-03-25T10:26:30+00:00","og_image":[{"width":1500,"height":788,"url":"https:\/\/www.holafrida-film.com\/wp-content\/uploads\/2025\/01\/default.jpg","type":"image\/jpeg"}],"twitter_card":"summary_large_image","twitter_misc":{"Tiempo de lectura":"13 minutos"},"schema":{"@context":"https:\/\/schema.org","@graph":[{"@type":"WebPage","@id":"https:\/\/www.holafrida-film.com\/es\/pelicula\/","url":"https:\/\/www.holafrida-film.com\/es\/pelicula\/","name":"Pel\u00edcula - Hola Frida","isPartOf":{"@id":"https:\/\/www.holafrida-film.com\/es\/#website"},"datePublished":"2025-01-14T08:47:54+00:00","dateModified":"2025-03-25T10:26:30+00:00","breadcrumb":{"@id":"https:\/\/www.holafrida-film.com\/es\/pelicula\/#breadcrumb"},"inLanguage":"es","potentialAction":[{"@type":"ReadAction","target":["https:\/\/www.holafrida-film.com\/es\/pelicula\/"]}]},{"@type":"BreadcrumbList","@id":"https:\/\/www.holafrida-film.com\/es\/pelicula\/#breadcrumb","itemListElement":[{"@type":"ListItem","position":1,"name":"Accueil","item":"https:\/\/www.holafrida-film.com\/es\/"},{"@type":"ListItem","position":2,"name":"Pel\u00edcula"}]},{"@type":"WebSite","@id":"https:\/\/www.holafrida-film.com\/es\/#website","url":"https:\/\/www.holafrida-film.com\/es\/","name":"Hola Frida","description":"Campagne d&#039;impact","potentialAction":[{"@type":"SearchAction","target":{"@type":"EntryPoint","urlTemplate":"https:\/\/www.holafrida-film.com\/es\/?s={search_term_string}"},"query-input":{"@type":"PropertyValueSpecification","valueRequired":true,"valueName":"search_term_string"}}],"inLanguage":"es"}]}},"_links":{"self":[{"href":"https:\/\/www.holafrida-film.com\/es\/wp-json\/wp\/v2\/pages\/476","targetHints":{"allow":["GET"]}}],"collection":[{"href":"https:\/\/www.holafrida-film.com\/es\/wp-json\/wp\/v2\/pages"}],"about":[{"href":"https:\/\/www.holafrida-film.com\/es\/wp-json\/wp\/v2\/types\/page"}],"author":[{"embeddable":true,"href":"https:\/\/www.holafrida-film.com\/es\/wp-json\/wp\/v2\/users\/1"}],"replies":[{"embeddable":true,"href":"https:\/\/www.holafrida-film.com\/es\/wp-json\/wp\/v2\/comments?post=476"}],"version-history":[{"count":4,"href":"https:\/\/www.holafrida-film.com\/es\/wp-json\/wp\/v2\/pages\/476\/revisions"}],"predecessor-version":[{"id":1115,"href":"https:\/\/www.holafrida-film.com\/es\/wp-json\/wp\/v2\/pages\/476\/revisions\/1115"}],"wp:attachment":[{"href":"https:\/\/www.holafrida-film.com\/es\/wp-json\/wp\/v2\/media?parent=476"}],"curies":[{"name":"wp","href":"https:\/\/api.w.org\/{rel}","templated":true}]}}